{"id":319,"date":"2023-06-07T08:35:20","date_gmt":"2023-06-07T11:35:20","guid":{"rendered":"https:\/\/sul-brasil.informatizaweb10.com.br\/?page_id=319"},"modified":"2026-01-13T21:37:14","modified_gmt":"2026-01-14T00:37:14","slug":"sobre-a-empresa","status":"publish","type":"page","link":"https:\/\/sulbrasiltnt.com.br\/en\/sobre-a-empresa\/","title":{"rendered":"About"},"content":{"rendered":"<div data-elementor-type=\"wp-page\" data-elementor-id=\"319\" class=\"elementor elementor-319\" data-elementor-post-type=\"page\">\n\t\t\t\t\t\t<section class=\"elementor-section elementor-top-section elementor-element elementor-element-9889c0f elementor-section-boxed elementor-section-height-default elementor-section-height-default\" data-id=\"9889c0f\" data-element_type=\"section\" data-settings=\"{&quot;background_background&quot;:&quot;classic&quot;}\">\n\t\t\t\t\t\t<div class=\"elementor-container elementor-column-gap-default\">\n\t\t\t\t\t<div class=\"elementor-column elementor-col-100 elementor-top-column elementor-element elementor-element-3cda0a1\" data-id=\"3cda0a1\" data-element_type=\"column\">\n\t\t\t<div class=\"elementor-widget-wrap elementor-element-populated\">\n\t\t\t\t\t\t<div class=\"elementor-element elementor-element-9a61895 elementor-widget elementor-widget-text-editor\" data-id=\"9a61895\" data-element_type=\"widget\" data-widget_type=\"text-editor.default\">\n\t\t\t\t<div class=\"elementor-widget-container\">\n\t\t\t\t\t\t\t\t\t<p>DKN NonWoven is one of Brazil's leading manufacturers of non-woven fabric, delivering high-quality solutions with speed and exceptional customer service.<\/p>\t\t\t\t\t\t\t\t<\/div>\n\t\t\t\t<\/div>\n\t\t\t\t\t<\/div>\n\t\t<\/div>\n\t\t\t\t\t<\/div>\n\t\t<\/section>\n\t\t\t\t<section class=\"elementor-section elementor-top-section elementor-element elementor-element-971a42e elementor-section-boxed elementor-section-height-default elementor-section-height-default\" data-id=\"971a42e\" data-element_type=\"section\">\n\t\t\t\t\t\t<div class=\"elementor-container elementor-column-gap-default\">\n\t\t\t\t\t<div class=\"elementor-column elementor-col-100 elementor-top-column elementor-element elementor-element-2494be4\" data-id=\"2494be4\" data-element_type=\"column\">\n\t\t\t<div class=\"elementor-widget-wrap elementor-element-populated\">\n\t\t\t\t\t\t<section class=\"elementor-section elementor-inner-section elementor-element elementor-element-aca5537 elementor-section-boxed elementor-section-height-default elementor-section-height-default\" data-id=\"aca5537\" data-element_type=\"section\">\n\t\t\t\t\t\t<div class=\"elementor-container elementor-column-gap-default\">\n\t\t\t\t\t<div class=\"elementor-column elementor-col-100 elementor-inner-column elementor-element elementor-element-3bedc9e\" data-id=\"3bedc9e\" data-element_type=\"column\">\n\t\t\t<div class=\"elementor-widget-wrap elementor-element-populated\">\n\t\t\t\t\t\t<div class=\"elementor-element elementor-element-4069da3 elementor-widget elementor-widget-image\" data-id=\"4069da3\" data-element_type=\"widget\" data-widget_type=\"image.default\">\n\t\t\t\t<div class=\"elementor-widget-container\">\n\t\t\t\t\t\t\t\t\t\t\t\t\t\t\t<img fetchpriority=\"high\" decoding=\"async\" width=\"1920\" height=\"712\" src=\"https:\/\/sulbrasiltnt.com.br\/wp-content\/uploads\/2023\/06\/banner01.jpg\" class=\"attachment-full size-full wp-image-291\" alt=\"\" srcset=\"https:\/\/sulbrasiltnt.com.br\/wp-content\/uploads\/2023\/06\/banner01.jpg 1920w, https:\/\/sulbrasiltnt.com.br\/wp-content\/uploads\/2023\/06\/banner01-300x111.jpg 300w, https:\/\/sulbrasiltnt.com.br\/wp-content\/uploads\/2023\/06\/banner01-1024x380.jpg 1024w, https:\/\/sulbrasiltnt.com.br\/wp-content\/uploads\/2023\/06\/banner01-768x285.jpg 768w, https:\/\/sulbrasiltnt.com.br\/wp-content\/uploads\/2023\/06\/banner01-1536x570.jpg 1536w\" sizes=\"(max-width: 1920px) 100vw, 1920px\" \/>\t\t\t\t\t\t\t\t\t\t\t\t\t\t\t<\/div>\n\t\t\t\t<\/div>\n\t\t\t\t<div class=\"elementor-element elementor-element-8518a33 elementor-widget elementor-widget-spacer\" data-id=\"8518a33\" data-element_type=\"widget\" data-widget_type=\"spacer.default\">\n\t\t\t\t<div class=\"elementor-widget-container\">\n\t\t\t\t\t\t\t<div class=\"elementor-spacer\">\n\t\t\t<div class=\"elementor-spacer-inner\"><\/div>\n\t\t<\/div>\n\t\t\t\t\t\t<\/div>\n\t\t\t\t<\/div>\n\t\t\t\t\t<\/div>\n\t\t<\/div>\n\t\t\t\t\t<\/div>\n\t\t<\/section>\n\t\t\t\t<div class=\"elementor-element elementor-element-1672480 elementor-widget-divider--view-line elementor-widget elementor-widget-divider\" data-id=\"1672480\" data-element_type=\"widget\" data-widget_type=\"divider.default\">\n\t\t\t\t<div class=\"elementor-widget-container\">\n\t\t\t\t\t\t\t<div class=\"elementor-divider\">\n\t\t\t<span class=\"elementor-divider-separator\">\n\t\t\t\t\t\t<\/span>\n\t\t<\/div>\n\t\t\t\t\t\t<\/div>\n\t\t\t\t<\/div>\n\t\t\t\t<div class=\"elementor-element elementor-element-cc332e6 elementor-widget elementor-widget-heading\" data-id=\"cc332e6\" data-element_type=\"widget\" data-widget_type=\"heading.default\">\n\t\t\t\t<div class=\"elementor-widget-container\">\n\t\t\t\t\t<h2 class=\"elementor-heading-title elementor-size-default translation-block\">Sul Brasil Group<\/h2>\t\t\t\t<\/div>\n\t\t\t\t<\/div>\n\t\t\t\t<div class=\"elementor-element elementor-element-ddf547c elementor-widget elementor-widget-text-editor\" data-id=\"ddf547c\" data-element_type=\"widget\" data-widget_type=\"text-editor.default\">\n\t\t\t\t<div class=\"elementor-widget-container\">\n\t\t\t\t\t\t\t\t\t<p>DKN NonWoven, a division of Sul Brasil Group, is one of Brazil's leading suppliers of non-woven fabric. Our products are used across a wide range of industries, and our quality follows the legacy of Sul Brasil Group, which has been investing in technology and modernization since 1992. Our goal is to make a difference in the market by offering quality, competitive pricing, fast delivery, and exceptional post-sale service. We are fully equipped to serve clients worldwide, with sales representatives in key regions. Our partnerships with reliable logistics providers ensure fast and efficient delivery globally.\nOur focus is always on keeping the customer satisfied. To achieve this, we continuously work to improve our production quality and the expertise of our team.<\/p><p>Our focus is always on keeping the customer satisfied. To achieve this, we work tirelessly, continually improving our production quality and our team.<\/p>\t\t\t\t\t\t\t\t<\/div>\n\t\t\t\t<\/div>\n\t\t\t\t<div class=\"elementor-element elementor-element-e496237 elementor-widget-divider--view-line elementor-widget elementor-widget-divider\" data-id=\"e496237\" data-element_type=\"widget\" data-widget_type=\"divider.default\">\n\t\t\t\t<div class=\"elementor-widget-container\">\n\t\t\t\t\t\t\t<div class=\"elementor-divider\">\n\t\t\t<span class=\"elementor-divider-separator\">\n\t\t\t\t\t\t<\/span>\n\t\t<\/div>\n\t\t\t\t\t\t<\/div>\n\t\t\t\t<\/div>\n\t\t\t\t<div class=\"elementor-element elementor-element-ca8cf44 elementor-widget elementor-widget-heading\" data-id=\"ca8cf44\" data-element_type=\"widget\" data-widget_type=\"heading.default\">\n\t\t\t\t<div class=\"elementor-widget-container\">\n\t\t\t\t\t<h2 class=\"elementor-heading-title elementor-size-default\">POL\u00cdTICA <spam>DA QUALIDADE:\n<\/h2>\t\t\t\t<\/div>\n\t\t\t\t<\/div>\n\t\t\t\t<div class=\"elementor-element elementor-element-f393ac9 elementor-widget elementor-widget-text-editor\" data-id=\"f393ac9\" data-element_type=\"widget\" data-widget_type=\"text-editor.default\">\n\t\t\t\t<div class=\"elementor-widget-container\">\n\t\t\t\t\t\t\t\t\tFornecer produtos e servi\u00e7os \u00e0 base de TNT \u2013 Tecido N\u00e3o Tecido com foco em nossos\nclientes, atuando com uma lideran\u00e7a forte e pessoas engajadas, que conhecem nossos\nprocessos e tecnologias, tomando decis\u00f5es baseadas em evid\u00eancias buscando sempre\na melhoria cont\u00ednua, mantendo uma gest\u00e3o de excel\u00eancia no relacionamento com os\nnossos clientes, fornecedores, colaboradores e atendendo aos requisitos legais\naplic\u00e1veis.\t\t\t\t\t\t\t\t<\/div>\n\t\t\t\t<\/div>\n\t\t\t\t<div class=\"elementor-element elementor-element-5a15fa5 elementor-widget elementor-widget-image\" data-id=\"5a15fa5\" data-element_type=\"widget\" data-widget_type=\"image.default\">\n\t\t\t\t<div class=\"elementor-widget-container\">\n\t\t\t\t\t\t\t\t\t\t\t\t\t\t\t<img decoding=\"async\" width=\"724\" height=\"1024\" src=\"https:\/\/sulbrasiltnt.com.br\/wp-content\/uploads\/2026\/01\/certificado_sul_brasil-724x1024.jpg\" class=\"attachment-large size-large wp-image-1452\" alt=\"\" srcset=\"https:\/\/sulbrasiltnt.com.br\/wp-content\/uploads\/2026\/01\/certificado_sul_brasil-724x1024.jpg 724w, https:\/\/sulbrasiltnt.com.br\/wp-content\/uploads\/2026\/01\/certificado_sul_brasil-212x300.jpg 212w, https:\/\/sulbrasiltnt.com.br\/wp-content\/uploads\/2026\/01\/certificado_sul_brasil-768x1087.jpg 768w, https:\/\/sulbrasiltnt.com.br\/wp-content\/uploads\/2026\/01\/certificado_sul_brasil-1086x1536.jpg 1086w, https:\/\/sulbrasiltnt.com.br\/wp-content\/uploads\/2026\/01\/certificado_sul_brasil-1447x2048.jpg 1447w, https:\/\/sulbrasiltnt.com.br\/wp-content\/uploads\/2026\/01\/certificado_sul_brasil-8x12.jpg 8w, https:\/\/sulbrasiltnt.com.br\/wp-content\/uploads\/2026\/01\/certificado_sul_brasil.jpg 1653w\" sizes=\"(max-width: 724px) 100vw, 724px\" \/>\t\t\t\t\t\t\t\t\t\t\t\t\t\t\t<\/div>\n\t\t\t\t<\/div>\n\t\t\t\t<div class=\"elementor-element elementor-element-d1eae45 elementor-align-center elementor-widget elementor-widget-button\" data-id=\"d1eae45\" data-element_type=\"widget\" download=\"true\" data-widget_type=\"button.default\">\n\t\t\t\t<div class=\"elementor-widget-container\">\n\t\t\t\t\t\t\t\t\t<div class=\"elementor-button-wrapper\">\n\t\t\t\t\t<a class=\"elementor-button elementor-button-link elementor-size-sm\" href=\"https:\/\/sulbrasiltnt.com.br\/wp-content\/uploads\/2026\/01\/Certificado-ISO-9001-Sul-Brasil.pdf\" target=\"_blank\" download=\"Certificado ISO 9001 - Sul Brasil\">\n\t\t\t\t\t\t<span class=\"elementor-button-content-wrapper\">\n\t\t\t\t\t\t\t\t\t<span class=\"elementor-button-text\">Clique aqui para baixar o certificado<\/span>\n\t\t\t\t\t<\/span>\n\t\t\t\t\t<\/a>\n\t\t\t\t<\/div>\n\t\t\t\t\t\t\t\t<\/div>\n\t\t\t\t<\/div>\n\t\t\t\t\t<\/div>\n\t\t<\/div>\n\t\t\t\t\t<\/div>\n\t\t<\/section>\n\t\t\t\t<section class=\"elementor-section elementor-top-section elementor-element elementor-element-8e23a61 elementor-section-boxed elementor-section-height-default elementor-section-height-default\" data-id=\"8e23a61\" data-element_type=\"section\" data-settings=\"{&quot;background_background&quot;:&quot;classic&quot;}\">\n\t\t\t\t\t\t<div class=\"elementor-container elementor-column-gap-default\">\n\t\t\t\t\t<div class=\"elementor-column elementor-col-100 elementor-top-column elementor-element elementor-element-2c50b4a\" data-id=\"2c50b4a\" data-element_type=\"column\">\n\t\t\t<div class=\"elementor-widget-wrap elementor-element-populated\">\n\t\t\t\t\t\t<section class=\"elementor-section elementor-inner-section elementor-element elementor-element-f50d46a elementor-section-boxed elementor-section-height-default elementor-section-height-default\" data-id=\"f50d46a\" data-element_type=\"section\">\n\t\t\t\t\t\t<div class=\"elementor-container elementor-column-gap-default\">\n\t\t\t\t\t<div class=\"elementor-column elementor-col-33 elementor-inner-column elementor-element elementor-element-1eb58f8\" data-id=\"1eb58f8\" data-element_type=\"column\">\n\t\t\t<div class=\"elementor-widget-wrap elementor-element-populated\">\n\t\t\t\t\t\t<div class=\"elementor-element elementor-element-2cc8e78 elementor-widget elementor-widget-heading\" data-id=\"2cc8e78\" data-element_type=\"widget\" data-widget_type=\"heading.default\">\n\t\t\t\t<div class=\"elementor-widget-container\">\n\t\t\t\t\t<h2 class=\"elementor-heading-title elementor-size-default\">MISSION<\/h2>\t\t\t\t<\/div>\n\t\t\t\t<\/div>\n\t\t\t\t<div class=\"elementor-element elementor-element-75de6a8 elementor-widget elementor-widget-text-editor\" data-id=\"75de6a8\" data-element_type=\"widget\" data-widget_type=\"text-editor.default\">\n\t\t\t\t<div class=\"elementor-widget-container\">\n\t\t\t\t\t\t\t\t\t<p>To produce non-woven fabric solutions and products with agility, high quality, and exceptional customer service.<\/p>\t\t\t\t\t\t\t\t<\/div>\n\t\t\t\t<\/div>\n\t\t\t\t\t<\/div>\n\t\t<\/div>\n\t\t\t\t<div class=\"elementor-column elementor-col-33 elementor-inner-column elementor-element elementor-element-adf9c9e\" data-id=\"adf9c9e\" data-element_type=\"column\">\n\t\t\t<div class=\"elementor-widget-wrap elementor-element-populated\">\n\t\t\t\t\t\t<div class=\"elementor-element elementor-element-cb4c522 elementor-widget elementor-widget-heading\" data-id=\"cb4c522\" data-element_type=\"widget\" data-widget_type=\"heading.default\">\n\t\t\t\t<div class=\"elementor-widget-container\">\n\t\t\t\t\t<h2 class=\"elementor-heading-title elementor-size-default\">VISION<\/h2>\t\t\t\t<\/div>\n\t\t\t\t<\/div>\n\t\t\t\t<div class=\"elementor-element elementor-element-75cebe2 elementor-widget elementor-widget-text-editor\" data-id=\"75cebe2\" data-element_type=\"widget\" data-widget_type=\"text-editor.default\">\n\t\t\t\t<div class=\"elementor-widget-container\">\n\t\t\t\t\t\t\t\t\t<p>To be the world\u2019s largest producer of non-woven fabric, pioneering the development of new technologies in the non-woven fabric market.<\/p>\t\t\t\t\t\t\t\t<\/div>\n\t\t\t\t<\/div>\n\t\t\t\t\t<\/div>\n\t\t<\/div>\n\t\t\t\t<div class=\"elementor-column elementor-col-33 elementor-inner-column elementor-element elementor-element-8f1df86\" data-id=\"8f1df86\" data-element_type=\"column\">\n\t\t\t<div class=\"elementor-widget-wrap elementor-element-populated\">\n\t\t\t\t\t\t<div class=\"elementor-element elementor-element-d6071a5 elementor-widget elementor-widget-heading\" data-id=\"d6071a5\" data-element_type=\"widget\" data-widget_type=\"heading.default\">\n\t\t\t\t<div class=\"elementor-widget-container\">\n\t\t\t\t\t<h2 class=\"elementor-heading-title elementor-size-default\">VALUES<\/h2>\t\t\t\t<\/div>\n\t\t\t\t<\/div>\n\t\t\t\t<div class=\"elementor-element elementor-element-c735e73 elementor-widget elementor-widget-text-editor\" data-id=\"c735e73\" data-element_type=\"widget\" data-widget_type=\"text-editor.default\">\n\t\t\t\t<div class=\"elementor-widget-container\">\n\t\t\t\t\t\t\t\t\t<p>Quality, Optimization, Innovation, Honesty, Transparency, Ethics, Proactivity, and Employee Well_Being.<\/p>\t\t\t\t\t\t\t\t<\/div>\n\t\t\t\t<\/div>\n\t\t\t\t\t<\/div>\n\t\t<\/div>\n\t\t\t\t\t<\/div>\n\t\t<\/section>\n\t\t\t\t\t<\/div>\n\t\t<\/div>\n\t\t\t\t\t<\/div>\n\t\t<\/section>\n\t\t\t\t<section class=\"elementor-section elementor-top-section elementor-element elementor-element-bf1f194 elementor-section-boxed elementor-section-height-default elementor-section-height-default\" data-id=\"bf1f194\" data-element_type=\"section\">\n\t\t\t\t\t\t<div class=\"elementor-container elementor-column-gap-default\">\n\t\t\t\t\t<div class=\"elementor-column elementor-col-100 elementor-top-column elementor-element elementor-element-5d8ce31\" data-id=\"5d8ce31\" data-element_type=\"column\">\n\t\t\t<div class=\"elementor-widget-wrap elementor-element-populated\">\n\t\t\t\t\t\t<div class=\"elementor-element elementor-element-6712415 elementor-widget-divider--view-line elementor-widget elementor-widget-divider\" data-id=\"6712415\" data-element_type=\"widget\" data-widget_type=\"divider.default\">\n\t\t\t\t<div class=\"elementor-widget-container\">\n\t\t\t\t\t\t\t<div class=\"elementor-divider\">\n\t\t\t<span class=\"elementor-divider-separator\">\n\t\t\t\t\t\t<\/span>\n\t\t<\/div>\n\t\t\t\t\t\t<\/div>\n\t\t\t\t<\/div>\n\t\t\t\t<div class=\"elementor-element elementor-element-e725d97 elementor-widget elementor-widget-heading\" data-id=\"e725d97\" data-element_type=\"widget\" data-widget_type=\"heading.default\">\n\t\t\t\t<div class=\"elementor-widget-container\">\n\t\t\t\t\t<h2 class=\"elementor-heading-title elementor-size-default translation-block\">Companies who trust our quality<\/h2>\t\t\t\t<\/div>\n\t\t\t\t<\/div>\n\t\t\t\t<section class=\"elementor-section elementor-inner-section elementor-element elementor-element-2f56c09 elementor-section-boxed elementor-section-height-default elementor-section-height-default\" data-id=\"2f56c09\" data-element_type=\"section\">\n\t\t\t\t\t\t<div class=\"elementor-container elementor-column-gap-default\">\n\t\t\t\t\t<div class=\"elementor-column elementor-col-25 elementor-inner-column elementor-element elementor-element-ba17588\" data-id=\"ba17588\" data-element_type=\"column\">\n\t\t\t<div class=\"elementor-widget-wrap elementor-element-populated\">\n\t\t\t\t\t\t<div class=\"elementor-element elementor-element-698d6bf elementor-widget elementor-widget-image\" data-id=\"698d6bf\" data-element_type=\"widget\" data-widget_type=\"image.default\">\n\t\t\t\t<div class=\"elementor-widget-container\">\n\t\t\t\t\t\t\t\t\t\t\t\t\t\t\t<img decoding=\"async\" width=\"800\" height=\"275\" src=\"https:\/\/sulbrasiltnt.com.br\/wp-content\/uploads\/2023\/09\/Goedert-Group.png\" class=\"attachment-large size-large wp-image-723\" alt=\"\" srcset=\"https:\/\/sulbrasiltnt.com.br\/wp-content\/uploads\/2023\/09\/Goedert-Group.png 897w, https:\/\/sulbrasiltnt.com.br\/wp-content\/uploads\/2023\/09\/Goedert-Group-300x103.png 300w, https:\/\/sulbrasiltnt.com.br\/wp-content\/uploads\/2023\/09\/Goedert-Group-768x264.png 768w\" sizes=\"(max-width: 800px) 100vw, 800px\" \/>\t\t\t\t\t\t\t\t\t\t\t\t\t\t\t<\/div>\n\t\t\t\t<\/div>\n\t\t\t\t\t<\/div>\n\t\t<\/div>\n\t\t\t\t<div class=\"elementor-column elementor-col-25 elementor-inner-column elementor-element elementor-element-7f339b5\" data-id=\"7f339b5\" data-element_type=\"column\">\n\t\t\t<div class=\"elementor-widget-wrap elementor-element-populated\">\n\t\t\t\t\t\t<div class=\"elementor-element elementor-element-e005585 elementor-widget elementor-widget-image\" data-id=\"e005585\" data-element_type=\"widget\" data-widget_type=\"image.default\">\n\t\t\t\t<div class=\"elementor-widget-container\">\n\t\t\t\t\t\t\t\t\t\t\t\t\t\t\t<img loading=\"lazy\" decoding=\"async\" width=\"111\" height=\"59\" src=\"https:\/\/sulbrasiltnt.com.br\/wp-content\/uploads\/2023\/06\/marca03.jpg\" class=\"attachment-large size-large wp-image-300\" alt=\"\" \/>\t\t\t\t\t\t\t\t\t\t\t\t\t\t\t<\/div>\n\t\t\t\t<\/div>\n\t\t\t\t\t<\/div>\n\t\t<\/div>\n\t\t\t\t<div class=\"elementor-column elementor-col-25 elementor-inner-column elementor-element elementor-element-ddce797\" data-id=\"ddce797\" data-element_type=\"column\">\n\t\t\t<div class=\"elementor-widget-wrap elementor-element-populated\">\n\t\t\t\t\t\t<div class=\"elementor-element elementor-element-c778f75 elementor-widget elementor-widget-image\" data-id=\"c778f75\" data-element_type=\"widget\" data-widget_type=\"image.default\">\n\t\t\t\t<div class=\"elementor-widget-container\">\n\t\t\t\t\t\t\t\t\t\t\t\t\t\t\t<img loading=\"lazy\" decoding=\"async\" width=\"132\" height=\"54\" src=\"https:\/\/sulbrasiltnt.com.br\/wp-content\/uploads\/2023\/06\/marca06.jpg\" class=\"attachment-large size-large wp-image-303\" alt=\"\" \/>\t\t\t\t\t\t\t\t\t\t\t\t\t\t\t<\/div>\n\t\t\t\t<\/div>\n\t\t\t\t\t<\/div>\n\t\t<\/div>\n\t\t\t\t<div class=\"elementor-column elementor-col-25 elementor-inner-column elementor-element elementor-element-3a92fc0\" data-id=\"3a92fc0\" data-element_type=\"column\">\n\t\t\t<div class=\"elementor-widget-wrap elementor-element-populated\">\n\t\t\t\t\t\t<div class=\"elementor-element elementor-element-85b9d90 elementor-widget elementor-widget-image\" data-id=\"85b9d90\" data-element_type=\"widget\" data-widget_type=\"image.default\">\n\t\t\t\t<div class=\"elementor-widget-container\">\n\t\t\t\t\t\t\t\t\t\t\t\t\t\t\t<img loading=\"lazy\" decoding=\"async\" width=\"111\" height=\"60\" src=\"https:\/\/sulbrasiltnt.com.br\/wp-content\/uploads\/2023\/06\/marca08.jpg\" class=\"attachment-large size-large wp-image-305\" alt=\"\" \/>\t\t\t\t\t\t\t\t\t\t\t\t\t\t\t<\/div>\n\t\t\t\t<\/div>\n\t\t\t\t\t<\/div>\n\t\t<\/div>\n\t\t\t\t\t<\/div>\n\t\t<\/section>\n\t\t\t\t<section class=\"elementor-section elementor-inner-section elementor-element elementor-element-e4aba90 elementor-section-boxed elementor-section-height-default elementor-section-height-default\" data-id=\"e4aba90\" data-element_type=\"section\">\n\t\t\t\t\t\t<div class=\"elementor-container elementor-column-gap-default\">\n\t\t\t\t\t<div class=\"elementor-column elementor-col-25 elementor-inner-column elementor-element elementor-element-ed88a49\" data-id=\"ed88a49\" data-element_type=\"column\">\n\t\t\t<div class=\"elementor-widget-wrap\">\n\t\t\t\t\t\t\t<\/div>\n\t\t<\/div>\n\t\t\t\t<div class=\"elementor-column elementor-col-25 elementor-inner-column elementor-element elementor-element-052cc30\" data-id=\"052cc30\" data-element_type=\"column\">\n\t\t\t<div class=\"elementor-widget-wrap\">\n\t\t\t\t\t\t\t<\/div>\n\t\t<\/div>\n\t\t\t\t<div class=\"elementor-column elementor-col-25 elementor-inner-column elementor-element elementor-element-16903fa\" data-id=\"16903fa\" data-element_type=\"column\">\n\t\t\t<div class=\"elementor-widget-wrap\">\n\t\t\t\t\t\t\t<\/div>\n\t\t<\/div>\n\t\t\t\t<div class=\"elementor-column elementor-col-25 elementor-inner-column elementor-element elementor-element-c26aec2\" data-id=\"c26aec2\" data-element_type=\"column\">\n\t\t\t<div class=\"elementor-widget-wrap\">\n\t\t\t\t\t\t\t<\/div>\n\t\t<\/div>\n\t\t\t\t\t<\/div>\n\t\t<\/section>\n\t\t\t\t<div class=\"elementor-element elementor-element-617fbd7 elementor-align-center elementor-widget elementor-widget-button\" data-id=\"617fbd7\" data-element_type=\"widget\" data-widget_type=\"button.default\">\n\t\t\t\t<div class=\"elementor-widget-container\">\n\t\t\t\t\t\t\t\t\t<div class=\"elementor-button-wrapper\">\n\t\t\t\t\t<a class=\"elementor-button elementor-button-link elementor-size-sm\" href=\"https:\/\/sulbrasiltnt.com.br\/en\/clientes\/\">\n\t\t\t\t\t\t<span class=\"elementor-button-content-wrapper\">\n\t\t\t\t\t\t\t\t\t<span class=\"elementor-button-text\">MEET OUR CLIENTS<\/span>\n\t\t\t\t\t<\/span>\n\t\t\t\t\t<\/a>\n\t\t\t\t<\/div>\n\t\t\t\t\t\t\t\t<\/div>\n\t\t\t\t<\/div>\n\t\t\t\t\t<\/div>\n\t\t<\/div>\n\t\t\t\t\t<\/div>\n\t\t<\/section>\n\t\t\t\t<\/div>","protected":false},"excerpt":{"rendered":"<p>A DKN NonWoven TNT, uma das maiores f\u00e1bricas do Brasil, fornece atrav\u00e9s de sua moderna planta fabril solu\u00e7\u00f5es de tecido n\u00e3o tecido (TNT) com qualidade, agilidade e \u00f3timo atendimento. GRUPO SUL BRASIL A DKN NonWoven, uma divis\u00e3o do Grupo Sul Brasil, \u00e9 hoje um dos grandes fornecedores brasileiros de tecidos n\u00e3o tecidos, popularmente conhecido como [&hellip;]<\/p>","protected":false},"author":2,"featured_media":0,"parent":0,"menu_order":0,"comment_status":"closed","ping_status":"closed","template":"","meta":{"_acf_changed":false,"footnotes":""},"class_list":["post-319","page","type-page","status-publish","hentry"],"acf":[],"_links":{"self":[{"href":"https:\/\/sulbrasiltnt.com.br\/en\/wp-json\/wp\/v2\/pages\/319","targetHints":{"allow":["GET"]}}],"collection":[{"href":"https:\/\/sulbrasiltnt.com.br\/en\/wp-json\/wp\/v2\/pages"}],"about":[{"href":"https:\/\/sulbrasiltnt.com.br\/en\/wp-json\/wp\/v2\/types\/page"}],"author":[{"embeddable":true,"href":"https:\/\/sulbrasiltnt.com.br\/en\/wp-json\/wp\/v2\/users\/2"}],"replies":[{"embeddable":true,"href":"https:\/\/sulbrasiltnt.com.br\/en\/wp-json\/wp\/v2\/comments?post=319"}],"version-history":[{"count":59,"href":"https:\/\/sulbrasiltnt.com.br\/en\/wp-json\/wp\/v2\/pages\/319\/revisions"}],"predecessor-version":[{"id":1470,"href":"https:\/\/sulbrasiltnt.com.br\/en\/wp-json\/wp\/v2\/pages\/319\/revisions\/1470"}],"wp:attachment":[{"href":"https:\/\/sulbrasiltnt.com.br\/en\/wp-json\/wp\/v2\/media?parent=319"}],"curies":[{"name":"wp","href":"https:\/\/api.w.org\/{rel}","templated":true}]}}